{"id":966,"date":"2021-03-10T10:28:48","date_gmt":"2021-03-10T10:28:48","guid":{"rendered":"https:\/\/www.javiermerinomartinez.com\/nueva\/?page_id=966"},"modified":"2021-03-15T11:22:03","modified_gmt":"2021-03-15T11:22:03","slug":"preguntas-enmiendas-educacion","status":"publish","type":"page","link":"https:\/\/www.javiermerinomartinez.com\/nueva\/preguntas-enmiendas-educacion\/","title":{"rendered":"Preguntas-enmiendas-educaci\u00f3n"},"content":{"rendered":"<p><div class=\"fusion-fullwidth fullwidth-box fusion-builder-row-1 fusion-flex-container titular nonhundred-percent-fullwidth non-hundred-percent-height-scrolling\" style=\"background-color: rgba(255,255,255,0);background-position: left top;background-repeat: no-repeat;border-width: 0px 0px 0px 0px;border-color:#eae9e9;border-style:solid;\" ><div class=\"fusion-builder-row fusion-row fusion-flex-align-items-center\" style=\"max-width:1216.8px;margin-left: calc(-4% \/ 2 );margin-right: calc(-4% \/ 2 );\"><div class=\"fusion-layout-column fusion_builder_column fusion-builder-column-0 fusion_builder_column_2_5 2_5 fusion-flex-column fusion-flex-align-self-center\"><div class=\"fusion-column-wrapper fusion-flex-justify-content-flex-start fusion-content-layout-column\" style=\"background-position:right center;background-repeat:no-repeat;-webkit-background-size:cover;-moz-background-size:cover;-o-background-size:cover;background-size:cover;border-width: 0 3px 0 0;border-color:#e0dede;border-style:solid;padding: 0px 0px 0px 0px;\"><style type=\"text\/css\">@media only screen and (max-width:800px) {.fusion-title.fusion-title-1{margin-top:!important;margin-bottom:0px!important;}}@media only screen and (max-width:640px) {.fusion-title.fusion-title-1{margin-top:0px!important;margin-bottom:0px!important;}}<\/style><div class=\"fusion-title title fusion-title-1 fusion-sep-none fusion-title-text fusion-title-size-two\" style=\"margin-top:0px;margin-bottom:20px;\"><h2 class=\"title-heading-left\" style=\"margin:0;\">ENMIENDAS<br \/>\nEDUCACI\u00d3N<\/h2><\/div><\/div><\/div><style type=\"text\/css\">.fusion-body .fusion-builder-column-0{width:40% !important;margin-top : 0px;margin-bottom : 0px;}.fusion-builder-column-0 > .fusion-column-wrapper {padding-top : 0px !important;padding-right : 0px !important;margin-right : 4.8%;padding-bottom : 0px !important;padding-left : 0px !important;margin-left : 4.8%;}@media only screen and (max-width:800px) {.fusion-body .fusion-builder-column-0{width:100% !important;order : 0;}.fusion-builder-column-0 > .fusion-column-wrapper {margin-right : 1.92%;margin-left : 1.92%;}}@media only screen and (max-width:640px) {.fusion-body .fusion-builder-column-0{width:100% !important;order : 0;}.fusion-builder-column-0 > .fusion-column-wrapper {margin-right : 1.92%;margin-left : 1.92%;}}<\/style><div class=\"fusion-layout-column fusion_builder_column fusion-builder-column-1 fusion_builder_column_3_5 3_5 fusion-flex-column\"><div class=\"fusion-column-wrapper fusion-flex-justify-content-flex-start fusion-content-layout-column\" style=\"background-position:left top;background-repeat:no-repeat;-webkit-background-size:cover;-moz-background-size:cover;-o-background-size:cover;background-size:cover;padding: 0px 0px 0px 0px;\"><div class=\"fusion-text fusion-text-1\" style=\"font-size:18px;font-family:&quot;Open Sans&quot;;font-style: italic;font-weight:300;\"><p>Enmiendas presentadas desde el G.P. Popular de La Rioja a los Presupuestos Generales del Estado sobre educaci\u00f3n<\/p>\n<\/div><\/div><\/div><style type=\"text\/css\">.fusion-body .fusion-builder-column-1{width:60% !important;margin-top : 20px;margin-bottom : 20px;}.fusion-builder-column-1 > .fusion-column-wrapper {padding-top : 0px !important;padding-right : 0px !important;margin-right : 3.2%;padding-bottom : 0px !important;padding-left : 0px !important;margin-left : 3.2%;}@media only screen and (max-width:800px) {.fusion-body .fusion-builder-column-1{width:100% !important;}.fusion-builder-column-1 > .fusion-column-wrapper {margin-right : 1.92%;margin-left : 1.92%;}}@media only screen and (max-width:640px) {.fusion-body .fusion-builder-column-1{width:100% !important;}.fusion-builder-column-1 > .fusion-column-wrapper {margin-right : 1.92%;margin-left : 1.92%;}}<\/style><\/div><style type=\"text\/css\">.fusion-body .fusion-flex-container.fusion-builder-row-1{ padding-top : 150px;margin-top : 0px;padding-right : 0px;padding-bottom : 30px;margin-bottom : 0px;padding-left : 0px;}<\/style><\/div><div class=\"fusion-fullwidth fullwidth-box fusion-builder-row-2 fusion-flex-container contenido nonhundred-percent-fullwidth non-hundred-percent-height-scrolling\" style=\"background-color: rgba(255,255,255,0);background-position: left top;background-repeat: no-repeat;border-width: 0px 0px 0px 0px;border-color:#eae9e9;border-style:solid;\" ><div class=\"fusion-builder-row fusion-row fusion-flex-align-items-stretch\" style=\"max-width:1216.8px;margin-left: calc(-4% \/ 2 );margin-right: calc(-4% \/ 2 );\"><div class=\"fusion-layout-column fusion_builder_column fusion-builder-column-2 fusion_builder_column_1_3 1_3 fusion-flex-column\"><div class=\"fusion-column-wrapper fusion-flex-justify-content-flex-start fusion-content-layout-column\" style=\"background-position:left top;background-repeat:no-repeat;-webkit-background-size:cover;-moz-background-size:cover;-o-background-size:cover;background-size:cover;background-color:#f8f8f8;padding: 0px 0px 0px 0px;\"><div style=\"text-align:center;\"><span class=\" fusion-imageframe imageframe-none imageframe-1 hover-type-zoomin\"><a href=\"https:\/\/www.javiermerinomartinez.com\/nueva\/wp-content\/uploads\/2021\/03\/ENMIENDA-PARCIAL-I\u0301ES-SAGASTA.jpg\" class=\"fusion-lightbox\" data-rel=\"iLightbox[057f1008a91c0b5f435]\" data-caption=\"ENMIENDA-PARCIAL-I\u0301ES-SAGASTA\" data-title=\"ENMIENDA-PARCIAL-I\u0301ES-SAGASTA\" title=\"ENMIENDA-PARCIAL-I\u0301ES-SAGASTA\"><img width=\"580\" image_height=\"580\" image_id=\"967\" alt=\"ENMIENDA-PARCIAL-I\u0301ES-SAGASTA\" src=\"https:\/\/www.javiermerinomartinez.com\/nueva\/wp-content\/uploads\/2021\/03\/ENMIENDA-PARCIAL-I\u0301ES-SAGASTA.jpg\" data-orig-src=\"https:\/\/www.javiermerinomartinez.com\/nueva\/wp-content\/uploads\/2021\/03\/ENMIENDA-PARCIAL-I\u0301ES-SAGASTA.jpg\" class=\"lazyload img-responsive wp-image-967\" srcset=\"data:image\/svg+xml,%3Csvg%20xmlns%3D%27http%3A%2F%2Fwww.w3.org%2F2000%2Fsvg%27%20width%3D%27580%27%20height%3D%27580%27%20viewBox%3D%270%200%20580%20580%27%3E%3Crect%20width%3D%27580%27%20height%3D%273580%27%20fill-opacity%3D%220%22%2F%3E%3C%2Fsvg%3E\" data-srcset=\"https:\/\/www.javiermerinomartinez.com\/nueva\/wp-content\/uploads\/2021\/03\/ENMIENDA-PARCIAL-I\u0301ES-SAGASTA-200x200.jpg 200w, https:\/\/www.javiermerinomartinez.com\/nueva\/wp-content\/uploads\/2021\/03\/ENMIENDA-PARCIAL-I\u0301ES-SAGASTA-400x400.jpg 400w, https:\/\/www.javiermerinomartinez.com\/nueva\/wp-content\/uploads\/2021\/03\/ENMIENDA-PARCIAL-I\u0301ES-SAGASTA.jpg 580w\" data-sizes=\"auto\" data-orig-sizes=\"(max-width: 800px) 100vw, (max-width: 640px) 100vw, 400px\" \/><\/a><\/span><\/div><div class=\"fusion-builder-row fusion-builder-row-inner fusion-row fusion-flex-align-items-stretch\" style=\"width:104% !important;max-width:104% !important;margin-left: calc(-4% \/ 2 );margin-right: calc(-4% \/ 2 );\"><div class=\"fusion-layout-column fusion_builder_column_inner fusion-builder-nested-column-0 fusion_builder_column_inner_1_1 1_1 fusion-flex-column\"><div class=\"fusion-column-wrapper fusion-flex-justify-content-flex-start fusion-content-layout-column\" style=\"background-position:left top;background-repeat:no-repeat;-webkit-background-size:cover;-moz-background-size:cover;-o-background-size:cover;background-size:cover;padding: 30px 9% 10px 9%;\"><style type=\"text\/css\">@media only screen and (max-width:800px) {.fusion-title.fusion-title-2{margin-top:0px!important;margin-bottom:10px!important;}}<\/style><div class=\"fusion-title title fusion-title-2 fusion-title-text fusion-title-size-two\" style=\"font-size:18px;margin-top:0px;margin-bottom:10px;\"><div class=\"title-sep-container title-sep-container-left fusion-no-large-visibility fusion-no-medium-visibility fusion-no-small-visibility\"><div class=\"title-sep sep-single sep-solid\" style=\"border-color:#e0dede;\"><\/div><\/div><h2 class=\"title-heading-left\" style=\"margin:0;font-size:1em;\"><strong>ENMIENDA PARCIAL I\u0301ES-SAGASTA<\/strong><\/h2><div class=\"title-sep-container title-sep-container-right\"><div class=\"title-sep sep-single sep-solid\" style=\"border-color:#e0dede;\"><\/div><\/div><\/div><div class=\"fusion-text fusion-text-2\"><p>Enmienda de modificaci\u00f3n para el Proyecto 757 A la Comunidad Aut\u00f3noma de La Rioja para financiar proyectos de inversi\u00f3n. Rehabilitaci\u00f3n y reforma de IES Sagasta de Logro\u00f1o.<\/p>\n<h5>25 de enero\u00a0 2021<\/h5>\n<\/div><\/div><\/div><style type=\"text\/css\">.fusion-body .fusion-builder-nested-column-0{width:100% !important;margin-top : 0px;margin-bottom : 0px;}.fusion-builder-nested-column-0 > .fusion-column-wrapper {padding-top : 30px !important;padding-right : 9% !important;margin-right : 1.92%;padding-bottom : 10px !important;padding-left : 9% !important;margin-left : 1.92%;}@media only screen and (max-width:800px) {.fusion-body .fusion-builder-nested-column-0{width:100% !important;order : 0;}.fusion-builder-nested-column-0 > .fusion-column-wrapper {margin-right : 1.92%;margin-left : 1.92%;}}@media only screen and (max-width:640px) {.fusion-body .fusion-builder-nested-column-0{width:100% !important;order : 0;}.fusion-builder-nested-column-0 > .fusion-column-wrapper {margin-right : 1.92%;margin-left : 1.92%;}}<\/style><\/div><div class=\"fusion-text fusion-text-3\"><p><a class=\"fusion-button button-flat button-large button-custom button-1 fusion-button-default-span fusion-button-default-type boton\" style=\"margin-bottom: 9%; margin-left: 9%;\" href=\"https:\/\/www.javiermerinomartinez.com\/nueva\/wp-content\/uploads\/2021\/03\/ENMIENDA-PARCIAL-I\u0301ES-SAGASTA.pdf\" download=\"ENMIENDA-PARCIAL-I\u0301ES-SAGASTA.pdf\">PDF <i class=\"fa-download fas button-icon-right\" aria-hidden=\"true\"><\/i><\/a><\/p>\n<\/div><\/div><\/div><style type=\"text\/css\">.fusion-body .fusion-builder-column-2{width:33.333333333333% !important;margin-top : 0px;margin-bottom : 20px;}.fusion-builder-column-2 > .fusion-column-wrapper {padding-top : 0px !important;padding-right : 0px !important;margin-right : 5.76%;padding-bottom : 0px !important;padding-left : 0px !important;margin-left : 5.76%;}@media only screen and (max-width:800px) {.fusion-body .fusion-builder-column-2{width:100% !important;}.fusion-builder-column-2 > .fusion-column-wrapper {margin-right : 1.92%;margin-left : 1.92%;}}@media only screen and (max-width:640px) {.fusion-body .fusion-builder-column-2{width:100% !important;}.fusion-builder-column-2 > .fusion-column-wrapper {margin-right : 1.92%;margin-left : 1.92%;}}<\/style><\/div><style type=\"text\/css\">.fusion-body .fusion-flex-container.fusion-builder-row-2{ padding-top : 42px;margin-top : 0px;padding-right : 0px;padding-bottom : 140px;margin-bottom : 0px;padding-left : 0px;}<\/style><\/div><\/p>\n","protected":false},"excerpt":{"rendered":"","protected":false},"author":1,"featured_media":0,"parent":0,"menu_order":0,"comment_status":"closed","ping_status":"open","template":"100-width.php","meta":[],"yoast_head":"<!-- This site is optimized with the Yoast SEO plugin v15.9.1 - https:\/\/yoast.com\/wordpress\/plugins\/seo\/ -->\n<title>Enmiendas educaci\u00f3n - Javier Merino Mart\u00ednez - Gobierno de La Rioja<\/title>\n<meta name=\"description\" content=\"Enmiendas Educaci\u00f3n: Enmiendas presentadas desde el G.P. Popular de La Rioja a los Presupuestos Generales del Estado sobre educaci\u00f3n.\" \/>\n<meta name=\"robots\" content=\"index, follow, max-snippet:-1, max-image-preview:large, max-video-preview:-1\" \/>\n<link rel=\"canonical\" href=\"https:\/\/www.javiermerinomartinez.com\/nueva\/preguntas-enmiendas-educacion\/\" \/>\n<meta property=\"og:locale\" content=\"es_ES\" \/>\n<meta property=\"og:type\" content=\"article\" \/>\n<meta property=\"og:title\" content=\"Enmiendas educaci\u00f3n - Javier Merino Mart\u00ednez - Gobierno de La Rioja\" \/>\n<meta property=\"og:description\" content=\"Enmiendas Educaci\u00f3n: Enmiendas presentadas desde el G.P. Popular de La Rioja a los Presupuestos Generales del Estado sobre educaci\u00f3n.\" \/>\n<meta property=\"og:url\" content=\"https:\/\/www.javiermerinomartinez.com\/nueva\/preguntas-enmiendas-educacion\/\" \/>\n<meta property=\"og:site_name\" content=\"Javier Merino Mart\u00ednez\" \/>\n<meta property=\"article:modified_time\" content=\"2021-03-15T11:22:03+00:00\" \/>\n<meta name=\"twitter:card\" content=\"summary_large_image\" \/>\n<meta name=\"twitter:label1\" content=\"Tiempo de lectura\">\n\t<meta name=\"twitter:data1\" content=\"10 minutos\">\n<script type=\"application\/ld+json\" class=\"yoast-schema-graph\">{\"@context\":\"https:\/\/schema.org\",\"@graph\":[{\"@type\":\"WebSite\",\"@id\":\"https:\/\/www.javiermerinomartinez.com\/nueva\/#website\",\"url\":\"https:\/\/www.javiermerinomartinez.com\/nueva\/\",\"name\":\"Javier Merino Mart\\u00ednez\",\"description\":\"\",\"potentialAction\":[{\"@type\":\"SearchAction\",\"target\":\"https:\/\/www.javiermerinomartinez.com\/nueva\/?s={search_term_string}\",\"query-input\":\"required name=search_term_string\"}],\"inLanguage\":\"es\"},{\"@type\":\"WebPage\",\"@id\":\"https:\/\/www.javiermerinomartinez.com\/nueva\/preguntas-enmiendas-educacion\/#webpage\",\"url\":\"https:\/\/www.javiermerinomartinez.com\/nueva\/preguntas-enmiendas-educacion\/\",\"name\":\"Enmiendas educaci\\u00f3n - Javier Merino Mart\\u00ednez - Gobierno de La Rioja\",\"isPartOf\":{\"@id\":\"https:\/\/www.javiermerinomartinez.com\/nueva\/#website\"},\"datePublished\":\"2021-03-10T10:28:48+00:00\",\"dateModified\":\"2021-03-15T11:22:03+00:00\",\"description\":\"Enmiendas Educaci\\u00f3n: Enmiendas presentadas desde el G.P. Popular de La Rioja a los Presupuestos Generales del Estado sobre educaci\\u00f3n.\",\"breadcrumb\":{\"@id\":\"https:\/\/www.javiermerinomartinez.com\/nueva\/preguntas-enmiendas-educacion\/#breadcrumb\"},\"inLanguage\":\"es\",\"potentialAction\":[{\"@type\":\"ReadAction\",\"target\":[\"https:\/\/www.javiermerinomartinez.com\/nueva\/preguntas-enmiendas-educacion\/\"]}]},{\"@type\":\"BreadcrumbList\",\"@id\":\"https:\/\/www.javiermerinomartinez.com\/nueva\/preguntas-enmiendas-educacion\/#breadcrumb\",\"itemListElement\":[{\"@type\":\"ListItem\",\"position\":1,\"item\":{\"@type\":\"WebPage\",\"@id\":\"https:\/\/www.javiermerinomartinez.com\/nueva\/\",\"url\":\"https:\/\/www.javiermerinomartinez.com\/nueva\/\",\"name\":\"Portada\"}},{\"@type\":\"ListItem\",\"position\":2,\"item\":{\"@type\":\"WebPage\",\"@id\":\"https:\/\/www.javiermerinomartinez.com\/nueva\/preguntas-enmiendas-educacion\/\",\"url\":\"https:\/\/www.javiermerinomartinez.com\/nueva\/preguntas-enmiendas-educacion\/\",\"name\":\"Preguntas-enmiendas-educaci\\u00f3n\"}}]}]}<\/script>\n<!-- \/ Yoast SEO plugin. -->","_links":{"self":[{"href":"https:\/\/www.javiermerinomartinez.com\/nueva\/wp-json\/wp\/v2\/pages\/966"}],"collection":[{"href":"https:\/\/www.javiermerinomartinez.com\/nueva\/wp-json\/wp\/v2\/pages"}],"about":[{"href":"https:\/\/www.javiermerinomartinez.com\/nueva\/wp-json\/wp\/v2\/types\/page"}],"author":[{"embeddable":true,"href":"https:\/\/www.javiermerinomartinez.com\/nueva\/wp-json\/wp\/v2\/users\/1"}],"replies":[{"embeddable":true,"href":"https:\/\/www.javiermerinomartinez.com\/nueva\/wp-json\/wp\/v2\/comments?post=966"}],"version-history":[{"count":8,"href":"https:\/\/www.javiermerinomartinez.com\/nueva\/wp-json\/wp\/v2\/pages\/966\/revisions"}],"predecessor-version":[{"id":1165,"href":"https:\/\/www.javiermerinomartinez.com\/nueva\/wp-json\/wp\/v2\/pages\/966\/revisions\/1165"}],"wp:attachment":[{"href":"https:\/\/www.javiermerinomartinez.com\/nueva\/wp-json\/wp\/v2\/media?parent=966"}],"curies":[{"name":"wp","href":"https:\/\/api.w.org\/{rel}","templated":true}]}}