{"id":1126,"date":"2021-03-10T18:11:00","date_gmt":"2021-03-10T18:11:00","guid":{"rendered":"https:\/\/www.javiermerinomartinez.com\/nueva\/?page_id=1126"},"modified":"2021-03-10T18:20:31","modified_gmt":"2021-03-10T18:20:31","slug":"politica-cookies","status":"publish","type":"page","link":"https:\/\/www.javiermerinomartinez.com\/nueva\/politica-cookies\/","title":{"rendered":"Pol\u00edtica de Cookies"},"content":{"rendered":"<p>El dominio <a href=\"http:\/\/www.javiermerinomartinez.com\">www.javiermerinomartinez.com<\/a> utiliza procedimientos autom\u00e1ticos de recogida (Cookies) para reunir informaci\u00f3n personal como puede ser el tipo de navegador o sistema operativo, p\u00e1gina de referencia, ruta, dominio ISP (Proveedor de Internet), etc. todo ello con el fin de mejorar los servicios prestados. Las Cookies nos ayudan a adaptar esta p\u00e1gina web a sus necesidades personales.<\/p>\n<p>Una \u00abCookie\u00bb es un peque\u00f1o archivo que se almacena en el ordenador del usuario y nos permite reconocerle. El conjunto de \u00abcookies\u00bb nos ayuda a mejorar la calidad de nuestra web, permiti\u00e9ndonos as\u00ed personalizar hasta cierto punto la navegaci\u00f3n de cada usuario por nuestra web. Las cookies actualmente son esenciales para el funcionamiento de internet, aportando innumerables ventajas en la prestaci\u00f3n de servicios interactivos, facilit\u00e1ndole la navegaci\u00f3n y usabilidad de nuestra web.<\/p>\n<p>Tenga en cuenta que las cookies no pueden da\u00f1ar su equipo y que, a cambio, el que est\u00e9n activadas nos ayudan a identificar y resolver los errores y mejorar la navegabilidad de nuestro sitio.<\/p>\n<h3 class=\"legales\">1. Tipolog\u00eda de cookies.<\/h3>\n<p>Para una mayor informaci\u00f3n del usuario sobre la tipolog\u00eda y uso de las cookies le informamos que:<\/p>\n<h4>1.1 Desde el punto de vista de \u2018tiempo de vida\u2019 de la cookie (tiempo que la cookie permanece activa en nuestro equipo) podemos diferenciar las cookies entre:<\/h4>\n<p>a) Cookies de sesi\u00f3n: son cookies temporales que permanecen en el archivo de cookies de su navegador hasta que abandone la p\u00e1gina web, por lo que ninguna queda registrada en el disco duro del usuario. La informaci\u00f3n obtenida por medio de estas cookies, sirven para analizar pautas de tr\u00e1fico en la web. A la larga, esto nos permite proporcionar una mejor experiencia para mejorar el contenido y facilitando su uso.<br \/>\nb) Cookies permanentes: son almacenadas en el disco duro y nuestra web las lee cada vez que usted realiza una nueva visita. Una cookie permanente posee una fecha de expiraci\u00f3n determinada. La cookie dejar\u00e1 de funcionar despu\u00e9s de esa fecha. Las utilizamos, generalmente, para facilitar los servicios de compra y registro.<\/p>\n<h4>1.2. Desde el punto de vista del uso de cada cookie, podemos diferenciar entre:<\/h4>\n<p>a) Cookies requeridas: son las cookies estrictamente necesarias como por ejemplo, aquellas que sirvan para una correcta navegaci\u00f3n o las que permitan realizar el pago de bienes o servicios solicitados por el usuario o cookies que sirvan para asegurar que el contenido de la p\u00e1gina web se carga eficazmente.<br \/>\nDentro de la categor\u00eda de cookies requeridas se pueden encontrar tambi\u00e9n cookies con las siguientes finalidades:<\/p>\n<p>\u2013 Permitir \u00fanicamente la comunicaci\u00f3n entre el equipo del usuario y la red.<br \/>\n\u2013 Estrictamente prestar un servicio expresamente solicitado por el usuario.<br \/>\nEn estos dos casos le informamos que no se requiere la informaci\u00f3n y el consentimiento del usuario para la instalaci\u00f3n de las referidas cookies. En concreto, seg\u00fan el Grupo de Trabajo de Expertos de la UE, en el Art\u00edculo 29 de su Dictamen 4\/20123 ha interpretado que entre las cookies exceptuadas estar\u00edan aquellas que tienen por finalidad:<\/p>\n<p>\u2013 Cookies de \u201centrada del usuario\u201d<br \/>\n\u2013 Cookies de autenticaci\u00f3n o identificaci\u00f3n de usuario (\u00fanicamente de sesi\u00f3n)<br \/>\n\u2013 Cookies de seguridad del usuario<br \/>\n\u2013 Cookies de sesi\u00f3n de reproductor multimedia<br \/>\n\u2013 Cookies de sesi\u00f3n para equilibrar la carga<br \/>\n\u2013 Cookies de personalizaci\u00f3n de la interfaz de usuario<br \/>\n\u2013 Cookies de complemento (plug-in) para intercambiar contenidos sociales<\/p>\n<h4>1.3. Para todo el resto de cookies requeridas no incluidas en los anteriores supuestos requerir\u00e1n la informaci\u00f3n previa y el consentimiento del usuario.<\/h4>\n<p>a) Cookies funcionales: Son cookies que ayudan al usuario a tener una mejor experiencia de la navegaci\u00f3n por el sitio. Un ejemplo de uso de este tipo de cookies son las que se utilizan para almacenar los datos de navegaci\u00f3n de un determinado idioma.<br \/>\nb) Cookies anal\u00edticas: son cookies que nos permiten analizar el uso del Sitio web, de manera que podamos medir y mejorar el funcionamiento.<br \/>\nc) Cookies de publicidad y de terceros: son las cookies usadas por redes sociales, o por complementos externos de contenido como google maps como tambi\u00e9n cookies de empresas publicitarias para publicar anuncios relevantes para sus intereses.<br \/>\nJavier Merino Mart\u00ednez guarda toda la informaci\u00f3n recogida a trav\u00e9s de las Cookies en un formato no personalizado (direcci\u00f3n de IP). Este tipo de informaci\u00f3n obtenida a trav\u00e9s de las Cookies no ser\u00e1 revelada fuera de Javier Merino Mart\u00ednez, ni utilizada para comunicaciones no solicitadas.<\/p>\n<h3 class=\"legales\">2. Privacidad adecuada\u2013 Gesti\u00f3n de cookies.<\/h3>\n<p>En caso de que el usuario lo quisiera, el registro de las cookies podr\u00e1 estar sujeto a su aceptaci\u00f3n durante la instalaci\u00f3n o puesta al d\u00eda del navegador usado. El usuario puede en todo momento revocar su aceptaci\u00f3n mediante las opciones de configuraci\u00f3n de contenidos y privacidad disponibles en cada navegador. No obstante, en caso de que el usuario no permita la instalaci\u00f3n de cookies en su navegador es posible que no pueda acceder a alguna de las secciones de nuestro sitio web.<\/p>\n<p>Para m\u00e1s informaci\u00f3n sobre la configuraci\u00f3n apropiada de las cookies y las opciones de activaci\u00f3n, restricci\u00f3n y\/o inhabilitaci\u00f3n se debe acudir en la secci\u00f3n de ayuda de su navegador para conocer m\u00e1s:<\/p>\n<p>\u2013 M\u00e1s informaci\u00f3n sobre como bloquear el uso de las cookies en <a href=\"https:\/\/support.google.com\/chrome\/answer\/95647?hl=es\" target=\"_blank\" rel=\"noopener noreferrer\">Google Chrome<\/a><br \/>\n\u2013 M\u00e1s informaci\u00f3n sobre como bloquear el uso de las cookies en <a href=\"https:\/\/support.mozilla.org\/es\/kb\/habilitar-y-deshabilitar-cookies-sitios-web-rastrear-preferencias?esab=a&amp;s=cookies&amp;r=7&amp;as=s&amp;redirectslug=habilitar-y-deshabilitar-cookies-que-los-sitios-we&amp;redirectlocale=es\" target=\"_blank\" rel=\"noopener noreferrer\">Firefox<\/a><br \/>\n\u2013 M\u00e1s informaci\u00f3n sobre como bloquear el uso de las cookies en <a href=\"https:\/\/support.microsoft.com\/es-es\/topic\/eliminar-y-administrar-cookies-168dab11-0753-043d-7c16-ede5947fc64d\" target=\"_blank\" rel=\"noopener noreferrer\">Internet Explorer<\/a><br \/>\n\u2013 M\u00e1s informaci\u00f3n sobre como bloquear el uso de las cookies en <a href=\"https:\/\/support.apple.com\/es-es\/HT201265\" target=\"_blank\" rel=\"noopener noreferrer\">Safari<\/a><br \/>\n\u2013 M\u00e1s informaci\u00f3n sobre como bloquear el uso de las cookies en <a href=\"https:\/\/support.microsoft.com\/es-es\/topic\/eliminar-y-administrar-cookies-168dab11-0753-043d-7c16-ede5947fc64d\" target=\"_blank\" rel=\"noopener noreferrer\">WindowsPhone<\/a><\/p>\n<p>Muchos navegadores permiten activar un modo privado mediante el cual las cookies se borran siempre despu\u00e9s de su visita. Dependiendo de cada navegador este modo privado, puede tener diferentes nombres. A continuaci\u00f3n encontrar\u00e1 una lista de los navegadores m\u00e1s comunes y los diferentes nombres de este \u201cmodo privado\u201d:<\/p>\n<p>\u2013 Internet Explorer 8 y superior; InPrivate<br \/>\n\u2013 Safari 2 y superior; Navegaci\u00f3n Privada<br \/>\n\u2013 Opera 10.5 y superior; Navegaci\u00f3n Privada<br \/>\n\u2013 FireFox 3.5 y superior; Navegaci\u00f3n Privada<br \/>\n\u2013 Google Chrome 10 y superior; Inc\u00f3gnito<\/p>\n<h3 class=\"legales\">3. Relaci\u00f3n y descripci\u00f3n de cookies.<\/h3>\n<p>Las tablas que publicamos a continuaci\u00f3n recogen de forma esquematizada las cookies anteriormente descritas y utilizadas en el sitio web de Javier Merino Mart\u00ednez:<\/p>\n<table>\n<tbody>\n<tr>\n<td><strong>Nombre de cookie<\/strong><\/td>\n<td><strong>Dominio de cookie<\/strong><\/td>\n<td><strong>Expira\u00a0<\/strong><strong>(sesi\u00f3n, permanente)<\/strong><\/td>\n<td><strong>Uso de cookie\u00a0<\/strong><strong>(Requerida-Funcional-Anal\u00edtica-Terceros\/Publicidad)<\/strong><\/td>\n<\/tr>\n<tr>\n<td><strong>_ga<\/strong><\/td>\n<td>\u00a0javiermerinomarinez.com<\/td>\n<td>2 a\u00f1os<\/td>\n<td>Cookies anal\u00edticas (Google Analytics): Utiliza un identificador an\u00f3nimo para distinguir usuarios an\u00f3nimos y realizar an\u00e1lisis sobre las interacciones de los usuarios en la aplicaci\u00f3n con el fin de optimizar los servicios que se ofrecen<\/td>\n<\/tr>\n<tr>\n<td><strong>_gat<\/strong><\/td>\n<td>javiermerinomarinez.com<\/td>\n<td>10 minutos desde creaci\u00f3n o modificaci\u00f3n<\/td>\n<td>Cookies anal\u00edticas (Google Analytics): Se usa para diferenciar entre los diferentes objetos de seguimiento creados en la sesi\u00f3n. La cookie se crea al cargar la librer\u00eda javascript y no existe una versi\u00f3n previa de la cookie _gat. La cookie se actualiza cada vez que env\u00eda los datos a Google Analytics.<\/td>\n<\/tr>\n<tr>\n<td><strong>_gid\u00a0 \u00a0 \u00a0 \u00a0\u00a0<\/strong><\/td>\n<td>javiermerinomarinez.com<\/td>\n<td>1 d\u00eda<\/td>\n<td>Cookies anal\u00edticas (Google Analytics): Estas cookies se utilizan para recoger informaci\u00f3n sobre c\u00f3mo usan estas p\u00e1ginas web nuestros visitantes. Toda la informaci\u00f3n es recogida de forma an\u00f3nima y puede incluir datos como el navegador que se est\u00e1 utilizando, n\u00famero de p\u00e1ginas vistas.<\/td>\n<\/tr>\n<\/tbody>\n<\/table>\n<p>&nbsp;<\/p>\n<p>Click <a href=\"\/\/www.google.com\/analytics\/learn\/privacy.html?hl=es\" target=\"_blank\" rel=\"noopener noreferrer\">aqu\u00ed<\/a> para conocer m\u00e1s sobre las cookies de Google Analytics y c\u00f3mo darlas de baja.<br \/>\nPara m\u00e1s informaci\u00f3n sobre cookies y sus derechos como usuario puede consultar la <a href=\"https:\/\/www.agpd.es\/portalwebAGPD\/canaldocumentacion\/publicaciones\/common\/Guias\/Guia_Cookies.pdf\" target=\"_blank\" rel=\"noopener noreferrer\">Gu\u00eda sobre el uso de cookies elaborada por la Agencia Espa\u00f1ola de Protecci\u00f3n de Datos<\/a>.<\/p>\n","protected":false},"excerpt":{"rendered":"<p>El dominio www.javiermerinomartinez.com utiliza procedimientos autom\u00e1ticos de recogida (Cookies) para reunir informaci\u00f3n personal como puede ser el tipo de navegador o sistema operativo, p\u00e1gina de referencia, ruta, dominio ISP (Proveedor de Internet), etc. todo ello con el fin de mejorar los servicios prestados. Las Cookies nos ayudan a adaptar esta p\u00e1gina web a sus necesidades [&hellip;]<\/p>\n","protected":false},"author":1,"featured_media":0,"parent":0,"menu_order":0,"comment_status":"closed","ping_status":"closed","template":"","meta":[],"yoast_head":"<!-- This site is optimized with the Yoast SEO plugin v15.9.1 - https:\/\/yoast.com\/wordpress\/plugins\/seo\/ -->\n<title>Pol\u00edtica de Cookies - Javier Merino Mart\u00ednez<\/title>\n<meta name=\"robots\" content=\"noindex, nofollow\" \/>\n<meta property=\"og:locale\" content=\"es_ES\" \/>\n<meta property=\"og:type\" content=\"article\" \/>\n<meta property=\"og:title\" content=\"Pol\u00edtica de Cookies - Javier Merino Mart\u00ednez\" \/>\n<meta property=\"og:description\" content=\"El dominio www.javiermerinomartinez.com utiliza procedimientos autom\u00e1ticos de recogida (Cookies) para reunir informaci\u00f3n personal como puede ser el tipo de navegador o sistema operativo, p\u00e1gina de referencia, ruta, dominio ISP (Proveedor de Internet), etc. todo ello con el fin de mejorar los servicios prestados. Las Cookies nos ayudan a adaptar esta p\u00e1gina web a sus necesidades [&hellip;]\" \/>\n<meta property=\"og:url\" content=\"https:\/\/www.javiermerinomartinez.com\/nueva\/politica-cookies\/\" \/>\n<meta property=\"og:site_name\" content=\"Javier Merino Mart\u00ednez\" \/>\n<meta property=\"article:modified_time\" content=\"2021-03-10T18:20:31+00:00\" \/>\n<meta name=\"twitter:card\" content=\"summary_large_image\" \/>\n<meta name=\"twitter:label1\" content=\"Tiempo de lectura\">\n\t<meta name=\"twitter:data1\" content=\"6 minutos\">\n<script type=\"application\/ld+json\" class=\"yoast-schema-graph\">{\"@context\":\"https:\/\/schema.org\",\"@graph\":[{\"@type\":\"WebSite\",\"@id\":\"https:\/\/www.javiermerinomartinez.com\/nueva\/#website\",\"url\":\"https:\/\/www.javiermerinomartinez.com\/nueva\/\",\"name\":\"Javier Merino Mart\\u00ednez\",\"description\":\"\",\"potentialAction\":[{\"@type\":\"SearchAction\",\"target\":\"https:\/\/www.javiermerinomartinez.com\/nueva\/?s={search_term_string}\",\"query-input\":\"required name=search_term_string\"}],\"inLanguage\":\"es\"},{\"@type\":\"WebPage\",\"@id\":\"https:\/\/www.javiermerinomartinez.com\/nueva\/politica-cookies\/#webpage\",\"url\":\"https:\/\/www.javiermerinomartinez.com\/nueva\/politica-cookies\/\",\"name\":\"Pol\\u00edtica de Cookies - Javier Merino Mart\\u00ednez\",\"isPartOf\":{\"@id\":\"https:\/\/www.javiermerinomartinez.com\/nueva\/#website\"},\"datePublished\":\"2021-03-10T18:11:00+00:00\",\"dateModified\":\"2021-03-10T18:20:31+00:00\",\"breadcrumb\":{\"@id\":\"https:\/\/www.javiermerinomartinez.com\/nueva\/politica-cookies\/#breadcrumb\"},\"inLanguage\":\"es\",\"potentialAction\":[{\"@type\":\"ReadAction\",\"target\":[\"https:\/\/www.javiermerinomartinez.com\/nueva\/politica-cookies\/\"]}]},{\"@type\":\"BreadcrumbList\",\"@id\":\"https:\/\/www.javiermerinomartinez.com\/nueva\/politica-cookies\/#breadcrumb\",\"itemListElement\":[{\"@type\":\"ListItem\",\"position\":1,\"item\":{\"@type\":\"WebPage\",\"@id\":\"https:\/\/www.javiermerinomartinez.com\/nueva\/\",\"url\":\"https:\/\/www.javiermerinomartinez.com\/nueva\/\",\"name\":\"Portada\"}},{\"@type\":\"ListItem\",\"position\":2,\"item\":{\"@type\":\"WebPage\",\"@id\":\"https:\/\/www.javiermerinomartinez.com\/nueva\/politica-cookies\/\",\"url\":\"https:\/\/www.javiermerinomartinez.com\/nueva\/politica-cookies\/\",\"name\":\"Pol\\u00edtica de Cookies\"}}]}]}<\/script>\n<!-- \/ Yoast SEO plugin. -->","_links":{"self":[{"href":"https:\/\/www.javiermerinomartinez.com\/nueva\/wp-json\/wp\/v2\/pages\/1126"}],"collection":[{"href":"https:\/\/www.javiermerinomartinez.com\/nueva\/wp-json\/wp\/v2\/pages"}],"about":[{"href":"https:\/\/www.javiermerinomartinez.com\/nueva\/wp-json\/wp\/v2\/types\/page"}],"author":[{"embeddable":true,"href":"https:\/\/www.javiermerinomartinez.com\/nueva\/wp-json\/wp\/v2\/users\/1"}],"replies":[{"embeddable":true,"href":"https:\/\/www.javiermerinomartinez.com\/nueva\/wp-json\/wp\/v2\/comments?post=1126"}],"version-history":[{"count":5,"href":"https:\/\/www.javiermerinomartinez.com\/nueva\/wp-json\/wp\/v2\/pages\/1126\/revisions"}],"predecessor-version":[{"id":1131,"href":"https:\/\/www.javiermerinomartinez.com\/nueva\/wp-json\/wp\/v2\/pages\/1126\/revisions\/1131"}],"wp:attachment":[{"href":"https:\/\/www.javiermerinomartinez.com\/nueva\/wp-json\/wp\/v2\/media?parent=1126"}],"curies":[{"name":"wp","href":"https:\/\/api.w.org\/{rel}","templated":true}]}}